{"id":117,"date":"2026-04-10T14:29:28","date_gmt":"2026-04-10T12:29:28","guid":{"rendered":"https:\/\/cevni-pristup.cz\/intranet\/?page_id=117"},"modified":"2026-05-12T10:10:21","modified_gmt":"2026-05-12T08:10:21","slug":"uvodni-stranka","status":"publish","type":"page","link":"https:\/\/cevni-pristup.cz\/intranet\/","title":{"rendered":"\u00davodn\u00ed str\u00e1nka"},"content":{"rendered":"<h2 style=\"text-align: center;\">INTRANET &#8211; Volby 2026<\/h2>\n<br \/>\n<\/hr >\n<p style=\"text-align: center;\"><a href=\"https:\/\/cevni-pristup.cz\/intranet\/wp-login.php?action=lostpassword\">P\u0159ejete si nastavit nebo zm\u011bnit heslo?<\/a><\/p>\n","protected":false},"excerpt":{"rendered":"","protected":false},"author":1,"featured_media":0,"parent":0,"menu_order":0,"comment_status":"closed","ping_status":"closed","template":"","meta":{"footnotes":"","_links_to":"","_links_to_target":""},"class_list":["post-117","page","type-page","status-publish","hentry"],"_links":{"self":[{"href":"https:\/\/cevni-pristup.cz\/intranet\/wp-json\/wp\/v2\/pages\/117","targetHints":{"allow":["GET"]}}],"collection":[{"href":"https:\/\/cevni-pristup.cz\/intranet\/wp-json\/wp\/v2\/pages"}],"about":[{"href":"https:\/\/cevni-pristup.cz\/intranet\/wp-json\/wp\/v2\/types\/page"}],"author":[{"embeddable":true,"href":"https:\/\/cevni-pristup.cz\/intranet\/wp-json\/wp\/v2\/users\/1"}],"replies":[{"embeddable":true,"href":"https:\/\/cevni-pristup.cz\/intranet\/wp-json\/wp\/v2\/comments?post=117"}],"version-history":[{"count":99,"href":"https:\/\/cevni-pristup.cz\/intranet\/wp-json\/wp\/v2\/pages\/117\/revisions"}],"predecessor-version":[{"id":369,"href":"https:\/\/cevni-pristup.cz\/intranet\/wp-json\/wp\/v2\/pages\/117\/revisions\/369"}],"wp:attachment":[{"href":"https:\/\/cevni-pristup.cz\/intranet\/wp-json\/wp\/v2\/media?parent=117"}],"curies":[{"name":"wp","href":"https:\/\/api.w.org\/{rel}","templated":true}]}}